{"id":2,"date":"2013-04-01T13:46:11","date_gmt":"2013-04-01T13:46:11","guid":{"rendered":"http:\/\/wp.einstein-buchau.de\/?page_id=2"},"modified":"2024-02-18T14:17:14","modified_gmt":"2024-02-18T13:17:14","slug":"gabriele-einstein","status":"publish","type":"page","link":"https:\/\/www.einstein.de\/?page_id=2","title":{"rendered":"Gabriele Einstein"},"content":{"rendered":"\n<div class=\"wp-block-media-text alignwide is-stacked-on-mobile is-vertically-aligned-top\" style=\"grid-template-columns:20% auto\"><figure class=\"wp-block-media-text__media\"><img loading=\"lazy\" decoding=\"async\" width=\"502\" height=\"752\" src=\"https:\/\/www.einstein.de\/wp-content\/uploads\/2021-02-21Gabi-Homepage.png\" alt=\"\" class=\"wp-image-1826 size-large\" srcset=\"https:\/\/www.einstein.de\/wp-content\/uploads\/2021-02-21Gabi-Homepage.png 502w, https:\/\/www.einstein.de\/wp-content\/uploads\/2021-02-21Gabi-Homepage-200x300.png 200w\" sizes=\"auto, (max-width: 502px) 100vw, 502px\" \/><\/figure><div class=\"wp-block-media-text__content\">\n<p style=\"font-size:18px\">Freischaffende K\u00fcnstlerin<\/p>\n\n\n\n<p style=\"font-size:18px\">Mitglied im Berufsverband Bildender K\u00fcnstlerinnen und K\u00fcnstler BBK<\/p>\n\n\n\n<p style=\"font-size:18px\">S\u00fcdwestdeutscher Kunstpreis 2022 &#8211; Publikumspreis<\/p>\n\n\n\n<p style=\"font-size:18px\">Ausstellungsberechtigtes Mitglied der Fachgruppe \u201eBildende Kunst\u201c im <a rel=\"noreferrer noopener\" href=\"http:\/\/www.intbodenseeclub.org\/\" target=\"_blank\">Internationalen Bodensee-Club<\/a><\/p>\n<\/div><\/div>\n\n\n\n<p><\/p>\n","protected":false},"excerpt":{"rendered":"<p>Freischaffende K\u00fcnstlerin Mitglied im Berufsverband Bildender K\u00fcnstlerinnen und K\u00fcnstler BBK S\u00fcdwestdeutscher Kunstpreis 2022 &#8211; Publikumspreis Ausstellungsberechtigtes Mitglied der Fachgruppe \u201eBildende Kunst\u201c im Internationalen Bodensee-Club<\/p>\n","protected":false},"author":1,"featured_media":0,"parent":0,"menu_order":0,"comment_status":"closed","ping_status":"closed","template":"","meta":{"footnotes":""},"class_list":["post-2","page","type-page","status-publish","hentry"],"_links":{"self":[{"href":"https:\/\/www.einstein.de\/index.php?rest_route=\/wp\/v2\/pages\/2","targetHints":{"allow":["GET"]}}],"collection":[{"href":"https:\/\/www.einstein.de\/index.php?rest_route=\/wp\/v2\/pages"}],"about":[{"href":"https:\/\/www.einstein.de\/index.php?rest_route=\/wp\/v2\/types\/page"}],"author":[{"embeddable":true,"href":"https:\/\/www.einstein.de\/index.php?rest_route=\/wp\/v2\/users\/1"}],"replies":[{"embeddable":true,"href":"https:\/\/www.einstein.de\/index.php?rest_route=%2Fwp%2Fv2%2Fcomments&post=2"}],"version-history":[{"count":153,"href":"https:\/\/www.einstein.de\/index.php?rest_route=\/wp\/v2\/pages\/2\/revisions"}],"predecessor-version":[{"id":2534,"href":"https:\/\/www.einstein.de\/index.php?rest_route=\/wp\/v2\/pages\/2\/revisions\/2534"}],"wp:attachment":[{"href":"https:\/\/www.einstein.de\/index.php?rest_route=%2Fwp%2Fv2%2Fmedia&parent=2"}],"curies":[{"name":"wp","href":"https:\/\/api.w.org\/{rel}","templated":true}]}}